{"id":63,"date":"2019-11-01T14:34:04","date_gmt":"2019-11-01T14:34:04","guid":{"rendered":"http:\/\/law-and-lake.com\/?page_id=63"},"modified":"2026-04-09T21:13:00","modified_gmt":"2026-04-09T20:13:00","slug":"startseite","status":"publish","type":"page","link":"https:\/\/law-and-lake.com\/en\/","title":{"rendered":"Homepage"},"content":{"rendered":"<p class=\"has-text-align-left has-medium-font-size\"><strong>Welcome to LAW &amp; LAKE!<\/strong><\/p>\n\n\n\n<figure class=\"wp-block-image size-large is-resized\"><img loading=\"lazy\" decoding=\"async\" width=\"1024\" height=\"683\" src=\"https:\/\/law-and-lake.com\/wp-content\/uploads\/2025\/06\/Gruppenbild-1-1024x683.jpg\" alt=\"\" class=\"wp-image-932\" style=\"width:516px;height:auto\" srcset=\"https:\/\/law-and-lake.com\/wp-content\/uploads\/2025\/06\/Gruppenbild-1-1024x683.jpg 1024w, https:\/\/law-and-lake.com\/wp-content\/uploads\/2025\/06\/Gruppenbild-1-300x200.jpg 300w, https:\/\/law-and-lake.com\/wp-content\/uploads\/2025\/06\/Gruppenbild-1-768x512.jpg 768w, https:\/\/law-and-lake.com\/wp-content\/uploads\/2025\/06\/Gruppenbild-1-1536x1025.jpg 1536w, https:\/\/law-and-lake.com\/wp-content\/uploads\/2025\/06\/Gruppenbild-1-18x12.jpg 18w, https:\/\/law-and-lake.com\/wp-content\/uploads\/2025\/06\/Gruppenbild-1.jpg 2048w\" sizes=\"auto, (max-width: 1024px) 100vw, 1024px\" \/><\/figure>\n\n\n\n<p><\/p>\n\n\n\n<p>As a student legal advice firm, we help you not only to be legally entitled, but also to enforce your rights. We advise our clients in a variety of matters and legal areas exclusively free of charge in the spirit of the pro bono idea. The focus of our work is on everyday cases in which the amount in dispute is simply too low for a legal consultation. Our <a href=\"http:\/\/law-and-lake.com\/en\/?page_id=16\">Adviser<\/a> are advanced, highly motivated law students with academic records well above average. Under the supervision of Prof. Dr. Dr. h.c. Astrid Stadler and experienced attorneys, we are dedicated to handling your legal matters.<\/p>\n\n\n\n<p>Find out more about us and our <a href=\"http:\/\/law-and-lake.com\/en\/?page_id=68\">advisory services<\/a> and get to know us. If you are interested, you are very welcome to contact us via the <a href=\"http:\/\/law-and-lake.com\/en\/?page_id=21\">Contact form,<\/a> initially without any obligation.<\/p>","protected":false},"excerpt":{"rendered":"<p>Herzlich willkommen auf der Webseite von LAW &amp; LAKE! Als studentische Rechtsberatungsgesellschaft helfen wir Ihnen, dass Sie nicht nur Recht haben, sondern Ihr Recht auch durchsetzen k\u00f6nnen. Wir beraten unsere Mandanten in einer Vielzahl von Anliegen und Rechtsgebieten im Sinne des Pro-Bono-Gedanken ausschlie\u00dflich unentgeltlich. Der Schwerpunkt unserer Arbeit liegt in allt\u00e4glichen F\u00e4llen, in welchen der [&hellip;]<\/p>\n","protected":false},"author":2,"featured_media":0,"parent":0,"menu_order":0,"comment_status":"closed","ping_status":"closed","template":"","meta":{"site-sidebar-layout":"right-sidebar","site-content-layout":"default","ast-site-content-layout":"default","site-content-style":"default","site-sidebar-style":"default","ast-global-header-display":"","ast-banner-title-visibility":"","ast-main-header-display":"","ast-hfb-above-header-display":"","ast-hfb-below-header-display":"","ast-hfb-mobile-header-display":"","site-post-title":"disabled","ast-breadcrumbs-content":"","ast-featured-img":"","footer-sml-layout":"","ast-disable-related-posts":"","theme-transparent-header-meta":"default","adv-header-id-meta":"","stick-header-meta":"","header-above-stick-meta":"","header-main-stick-meta":"","header-below-stick-meta":"","astra-migrate-meta-layouts":"set","ast-page-background-enabled":"default","ast-page-background-meta":{"desktop":{"background-color":"","background-image":"","background-repeat":"repeat","background-position":"center center","background-size":"auto","background-attachment":"scroll","background-type":"","background-media":"","overlay-type":"","overlay-color":"","overlay-opacity":"","overlay-gradient":""},"tablet":{"background-color":"","background-image":"","background-repeat":"repeat","background-position":"center center","background-size":"auto","background-attachment":"scroll","background-type":"","background-media":"","overlay-type":"","overlay-color":"","overlay-opacity":"","overlay-gradient":""},"mobile":{"background-color":"","background-image":"","background-repeat":"repeat","background-position":"center center","background-size":"auto","background-attachment":"scroll","background-type":"","background-media":"","overlay-type":"","overlay-color":"","overlay-opacity":"","overlay-gradient":""}},"ast-content-background-meta":{"desktop":{"background-color":"var(--ast-global-color-5)","background-image":"","background-repeat":"repeat","background-position":"center center","background-size":"auto","background-attachment":"scroll","background-type":"","background-media":"","overlay-type":"","overlay-color":"","overlay-opacity":"","overlay-gradient":""},"tablet":{"background-color":"var(--ast-global-color-5)","background-image":"","background-repeat":"repeat","background-position":"center center","background-size":"auto","background-attachment":"scroll","background-type":"","background-media":"","overlay-type":"","overlay-color":"","overlay-opacity":"","overlay-gradient":""},"mobile":{"background-color":"var(--ast-global-color-5)","background-image":"","background-repeat":"repeat","background-position":"center center","background-size":"auto","background-attachment":"scroll","background-type":"","background-media":"","overlay-type":"","overlay-color":"","overlay-opacity":"","overlay-gradient":""}},"footnotes":""},"class_list":["post-63","page","type-page","status-publish","hentry"],"_links":{"self":[{"href":"https:\/\/law-and-lake.com\/en\/wp-json\/wp\/v2\/pages\/63","targetHints":{"allow":["GET"]}}],"collection":[{"href":"https:\/\/law-and-lake.com\/en\/wp-json\/wp\/v2\/pages"}],"about":[{"href":"https:\/\/law-and-lake.com\/en\/wp-json\/wp\/v2\/types\/page"}],"author":[{"embeddable":true,"href":"https:\/\/law-and-lake.com\/en\/wp-json\/wp\/v2\/users\/2"}],"replies":[{"embeddable":true,"href":"https:\/\/law-and-lake.com\/en\/wp-json\/wp\/v2\/comments?post=63"}],"version-history":[{"count":29,"href":"https:\/\/law-and-lake.com\/en\/wp-json\/wp\/v2\/pages\/63\/revisions"}],"predecessor-version":[{"id":979,"href":"https:\/\/law-and-lake.com\/en\/wp-json\/wp\/v2\/pages\/63\/revisions\/979"}],"wp:attachment":[{"href":"https:\/\/law-and-lake.com\/en\/wp-json\/wp\/v2\/media?parent=63"}],"curies":[{"name":"wp","href":"https:\/\/api.w.org\/{rel}","templated":true}]}}