{"id":237,"date":"2019-11-04T15:56:22","date_gmt":"2019-11-04T15:56:22","guid":{"rendered":"http:\/\/law-and-lake.com\/?page_id=237"},"modified":"2026-03-05T10:32:37","modified_gmt":"2026-03-05T09:32:37","slug":"foerdern","status":"publish","type":"page","link":"https:\/\/law-and-lake.com\/en\/foerdern\/","title":{"rendered":"Promoting"},"content":{"rendered":"<p><\/p>\n\n\n\n<p>LAW &amp; LAKE is recognised as a non-profit organisation and is made possible by grants and donations. As a rule, we cover all the costs of our work ourselves, as we do not want to charge our clients very small amounts, for example for postage and office supplies or to finance our website or our data-protected IT infrastructure. All our advisors work exclusively on a voluntary basis and free of charge.<\/p>\n\n\n\n<p>So that we can continue to offer legal advice \nfree of charge, we are therefore dependent on financial support.<\/p>\n\n\n\n<p>We are therefore particularly pleased \nif you would like to support us and our work with a one-off donation or a regular \nregular sponsorship contribution. Any amount - even a small one - is already a valuable help.<\/p>\n\n\n\n<figure class=\"wp-block-table\"><table class=\"has-background\" style=\"background-color:#fcf0ef\"><tbody><tr><td>Our donation account is:<br>Konto-Nr.: 228 223 409<br>BLZ: 69 29 1000<br>IBAN: DE05 6929 1000 0228 2234 09<br>BIC: GENO DE 61 RAD<br>Volksbank Konstanz eG<\/td><\/tr><\/tbody><\/table><\/figure>\n\n\n\n<p>You benefit from your donation in three ways \nin three ways: you give everyone access to low-threshold and \nlow-threshold and at the same time competent legal advice. You \nmotivated students to use their skills for the benefit of \nto the benefit of society. And: You yourself benefit from the full tax deductibility of your \ntax deductibility of your donation, for which we will be happy to issue you a \nfor which we will be happy to issue a donation receipt (simply send us \nan email with your full name and current address).<\/p>\n\n\n\n<p>Do you have further questions about donations and sponsorships? Please contact our heads of the department for public relations Tobias Dieterle and Melina Meinke under <em>nachricht@law-and-lake.de. <\/em><\/p>","protected":false},"excerpt":{"rendered":"<p>LAW &amp; LAKE ist als gemeinn\u00fctzig anerkannt und wird erm\u00f6glicht durch Zusch\u00fcsse und Spenden. Im absoluten Regelfalle kommen wir f\u00fcr die Kosten der Mandatsbearbeitung vollst\u00e4ndig selbst auf, da wir unseren Mandanten nicht Kleinstbetr\u00e4ge, etwa f\u00fcr Porto und B\u00fcroartikel oder anteilig zur Finanzierung etwa unserer Homepage oder unserer datensicheren IT-Infrastruktur, in Rechnung stellen wollen. Alle unsere [&hellip;]<\/p>\n","protected":false},"author":2,"featured_media":0,"parent":0,"menu_order":0,"comment_status":"closed","ping_status":"closed","template":"","meta":{"site-sidebar-layout":"default","site-content-layout":"default","ast-site-content-layout":"default","site-content-style":"default","site-sidebar-style":"default","ast-global-header-display":"","ast-banner-title-visibility":"","ast-main-header-display":"","ast-hfb-above-header-display":"","ast-hfb-below-header-display":"","ast-hfb-mobile-header-display":"","site-post-title":"","ast-breadcrumbs-content":"","ast-featured-img":"","footer-sml-layout":"","ast-disable-related-posts":"","theme-transparent-header-meta":"default","adv-header-id-meta":"","stick-header-meta":"","header-above-stick-meta":"","header-main-stick-meta":"","header-below-stick-meta":"","astra-migrate-meta-layouts":"set","ast-page-background-enabled":"default","ast-page-background-meta":{"desktop":{"background-color":"","background-image":"","background-repeat":"repeat","background-position":"center center","background-size":"auto","background-attachment":"scroll","background-type":"","background-media":"","overlay-type":"","overlay-color":"","overlay-opacity":"","overlay-gradient":""},"tablet":{"background-color":"","background-image":"","background-repeat":"repeat","background-position":"center center","background-size":"auto","background-attachment":"scroll","background-type":"","background-media":"","overlay-type":"","overlay-color":"","overlay-opacity":"","overlay-gradient":""},"mobile":{"background-color":"","background-image":"","background-repeat":"repeat","background-position":"center center","background-size":"auto","background-attachment":"scroll","background-type":"","background-media":"","overlay-type":"","overlay-color":"","overlay-opacity":"","overlay-gradient":""}},"ast-content-background-meta":{"desktop":{"background-color":"var(--ast-global-color-5)","background-image":"","background-repeat":"repeat","background-position":"center center","background-size":"auto","background-attachment":"scroll","background-type":"","background-media":"","overlay-type":"","overlay-color":"","overlay-opacity":"","overlay-gradient":""},"tablet":{"background-color":"var(--ast-global-color-5)","background-image":"","background-repeat":"repeat","background-position":"center center","background-size":"auto","background-attachment":"scroll","background-type":"","background-media":"","overlay-type":"","overlay-color":"","overlay-opacity":"","overlay-gradient":""},"mobile":{"background-color":"var(--ast-global-color-5)","background-image":"","background-repeat":"repeat","background-position":"center center","background-size":"auto","background-attachment":"scroll","background-type":"","background-media":"","overlay-type":"","overlay-color":"","overlay-opacity":"","overlay-gradient":""}},"footnotes":""},"class_list":["post-237","page","type-page","status-publish","hentry"],"_links":{"self":[{"href":"https:\/\/law-and-lake.com\/en\/wp-json\/wp\/v2\/pages\/237","targetHints":{"allow":["GET"]}}],"collection":[{"href":"https:\/\/law-and-lake.com\/en\/wp-json\/wp\/v2\/pages"}],"about":[{"href":"https:\/\/law-and-lake.com\/en\/wp-json\/wp\/v2\/types\/page"}],"author":[{"embeddable":true,"href":"https:\/\/law-and-lake.com\/en\/wp-json\/wp\/v2\/users\/2"}],"replies":[{"embeddable":true,"href":"https:\/\/law-and-lake.com\/en\/wp-json\/wp\/v2\/comments?post=237"}],"version-history":[{"count":7,"href":"https:\/\/law-and-lake.com\/en\/wp-json\/wp\/v2\/pages\/237\/revisions"}],"predecessor-version":[{"id":964,"href":"https:\/\/law-and-lake.com\/en\/wp-json\/wp\/v2\/pages\/237\/revisions\/964"}],"wp:attachment":[{"href":"https:\/\/law-and-lake.com\/en\/wp-json\/wp\/v2\/media?parent=237"}],"curies":[{"name":"wp","href":"https:\/\/api.w.org\/{rel}","templated":true}]}}