{"id":224,"date":"2019-11-04T15:35:16","date_gmt":"2019-11-04T15:35:16","guid":{"rendered":"http:\/\/law-and-lake.com\/?page_id=224"},"modified":"2020-08-13T08:16:31","modified_gmt":"2020-08-13T07:16:31","slug":"kontakt","status":"publish","type":"page","link":"https:\/\/law-and-lake.com\/en\/kontakt\/","title":{"rendered":"Your request"},"content":{"rendered":"<p><\/p>\n\n\n\n<p>You are welcome to send us a case enquiry via our <a href=\"http:\/\/law-and-lake.com\/en\/?page_id=21\">Contact form,<\/a> send. We will then deal with your enquiry immediately and get back to you. Please make sure that your message contains a brief description of the underlying facts and what you expect from a solution to the problem. You can find information on our areas of expertise and the counselling process here <a href=\"https:\/\/law-and-lake.com\/en\/beratung\/\">here.<\/a>.<\/p>\n\n\n\n<p>If you have a request other than our advice, please write to us at <em>nachricht@law-and-lake.de<\/em>.<\/p>\n\n\n\n<p>Stay informed about LAW &amp; LAKE - either through our news field on the <a href=\"http:\/\/law-and-lake.com\/en\/\">Homepage<\/a> or via <a href=\"http:\/\/www.facebook.com\/law.and.lake\">Facebook<\/a>.<\/p>","protected":false},"excerpt":{"rendered":"<p>Sie k\u00f6nnen uns gerne eine Fallanfrage \u00fcber unser Kontaktformular senden. Wir werden uns dann umgehend Ihrer Anfrage annehmen und auf Sie zur\u00fcckkommen. Achten Sie bitte darauf, dass Ihre Nachricht eine kurze Schilderung des zugrundeliegenden Sachverhalts enth\u00e4lt und welche Erwartungen Sie an eine L\u00f6sung des Problems haben. Informationen zu unseren Beratungsgebieten und zum Beratungsverlauf finden Sie [&hellip;]<\/p>\n","protected":false},"author":2,"featured_media":0,"parent":0,"menu_order":0,"comment_status":"closed","ping_status":"closed","template":"","meta":{"site-sidebar-layout":"right-sidebar","site-content-layout":"default","ast-site-content-layout":"default","site-content-style":"default","site-sidebar-style":"default","ast-global-header-display":"","ast-banner-title-visibility":"","ast-main-header-display":"","ast-hfb-above-header-display":"","ast-hfb-below-header-display":"","ast-hfb-mobile-header-display":"","site-post-title":"","ast-breadcrumbs-content":"","ast-featured-img":"","footer-sml-layout":"","ast-disable-related-posts":"","theme-transparent-header-meta":"default","adv-header-id-meta":"","stick-header-meta":"","header-above-stick-meta":"","header-main-stick-meta":"","header-below-stick-meta":"","astra-migrate-meta-layouts":"default","ast-page-background-enabled":"default","ast-page-background-meta":{"desktop":{"background-color":"","background-image":"","background-repeat":"repeat","background-position":"center center","background-size":"auto","background-attachment":"scroll","background-type":"","background-media":"","overlay-type":"","overlay-color":"","overlay-opacity":"","overlay-gradient":""},"tablet":{"background-color":"","background-image":"","background-repeat":"repeat","background-position":"center center","background-size":"auto","background-attachment":"scroll","background-type":"","background-media":"","overlay-type":"","overlay-color":"","overlay-opacity":"","overlay-gradient":""},"mobile":{"background-color":"","background-image":"","background-repeat":"repeat","background-position":"center center","background-size":"auto","background-attachment":"scroll","background-type":"","background-media":"","overlay-type":"","overlay-color":"","overlay-opacity":"","overlay-gradient":""}},"ast-content-background-meta":{"desktop":{"background-color":"var(--ast-global-color-5)","background-image":"","background-repeat":"repeat","background-position":"center center","background-size":"auto","background-attachment":"scroll","background-type":"","background-media":"","overlay-type":"","overlay-color":"","overlay-opacity":"","overlay-gradient":""},"tablet":{"background-color":"var(--ast-global-color-5)","background-image":"","background-repeat":"repeat","background-position":"center center","background-size":"auto","background-attachment":"scroll","background-type":"","background-media":"","overlay-type":"","overlay-color":"","overlay-opacity":"","overlay-gradient":""},"mobile":{"background-color":"var(--ast-global-color-5)","background-image":"","background-repeat":"repeat","background-position":"center center","background-size":"auto","background-attachment":"scroll","background-type":"","background-media":"","overlay-type":"","overlay-color":"","overlay-opacity":"","overlay-gradient":""}},"footnotes":""},"class_list":["post-224","page","type-page","status-publish","hentry"],"_links":{"self":[{"href":"https:\/\/law-and-lake.com\/en\/wp-json\/wp\/v2\/pages\/224","targetHints":{"allow":["GET"]}}],"collection":[{"href":"https:\/\/law-and-lake.com\/en\/wp-json\/wp\/v2\/pages"}],"about":[{"href":"https:\/\/law-and-lake.com\/en\/wp-json\/wp\/v2\/types\/page"}],"author":[{"embeddable":true,"href":"https:\/\/law-and-lake.com\/en\/wp-json\/wp\/v2\/users\/2"}],"replies":[{"embeddable":true,"href":"https:\/\/law-and-lake.com\/en\/wp-json\/wp\/v2\/comments?post=224"}],"version-history":[{"count":10,"href":"https:\/\/law-and-lake.com\/en\/wp-json\/wp\/v2\/pages\/224\/revisions"}],"predecessor-version":[{"id":496,"href":"https:\/\/law-and-lake.com\/en\/wp-json\/wp\/v2\/pages\/224\/revisions\/496"}],"wp:attachment":[{"href":"https:\/\/law-and-lake.com\/en\/wp-json\/wp\/v2\/media?parent=224"}],"curies":[{"name":"wp","href":"https:\/\/api.w.org\/{rel}","templated":true}]}}