{"id":219,"date":"2019-11-04T15:32:02","date_gmt":"2019-11-04T15:32:02","guid":{"rendered":"http:\/\/law-and-lake.com\/?page_id=219"},"modified":"2024-02-21T08:04:10","modified_gmt":"2024-02-21T07:04:10","slug":"impressum","status":"publish","type":"page","link":"https:\/\/law-and-lake.com\/en\/ueber-uns\/impressum\/","title":{"rendered":"Imprint &amp; Data Protection"},"content":{"rendered":"<p>according \u00a7 5 TMG<\/p>\n\n\n\n<p class=\"has-medium-font-size\"><strong>Contact information<\/strong><\/p>\n\n\n\n<p>LAW &amp; Lake gUG (haftungsbeschr\u00e4nkt)&nbsp;  <br>Universit\u00e4t Konstanz <br>Fach 222 <br>78457 Konstanz <\/p>\n\n\n\n<p>nachricht@law-and-lake.de<br>www.law-and-lake.de<\/p>\n\n\n\n<p>Instagram: law_and_lake<\/p>\n\n\n\n<p>Managing directors authorised to represent:<br>Celina Wagner <br>Sebastian Puhl <\/p>\n\n\n\n<p>Registered office of the society: Konstanz<br>Registered in the Commercial Register at the Local Court of Freiburg, HRB 711220<br>Tax number: 09041\/08003 <\/p>\n\n\n\n<p>Copyright and responsible for content:<br>LAW &amp; Lake gUG (haftungsbeschr\u00e4nkt)  <\/p>\n\n\n\n<p class=\"has-medium-font-size\"><strong>Disclaimer<\/strong><\/p>\n\n\n\n<p><strong>Liability for content<\/strong>\n The contents of our pages were created with the greatest care. For \nthe correctness, completeness and topicality of the contents. \nguarantee for the correctness, completeness and up-to-dateness of the contents. As a service provider, we are responsible for our own \nfor our own contents on these pages according to the general laws. \ngeneral laws. Pursuant to \u00a7\u00a7 8 to 10 TMG, we are not \nas a service provider, we are not obliged to monitor transmitted or stored\n information or to investigate circumstances that indicate illegal activity.\n circumstances that indicate illegal activity. Obligations to \nremoval or blocking of the use of information in accordance with the \ngeneral laws remain unaffected by this. Any liability in this respect \nliability is only possible from the time of knowledge of a concrete \ninfringement is possible. If we become aware of corresponding infringements \ninfringements, we will remove these contents immediately.<\/p>\n\n\n\n<p><strong>Liability for links<\/strong>\n Our website contains links to external websites of third parties. \non whose contents we have no influence. Therefore, we cannot assume any liability for these \ncannot assume any liability for these external contents. The respective provider or operator of the \nthe respective provider or operator of the pages is responsible for the \nresponsible. The linked pages were checked for possible \nchecked for possible legal violations at the time of linking.<\/p>\n\n\n\n<p><strong>Copyright<\/strong>\n The content and works on these pages created by the site operators are \npages are subject to German copyright law. The duplication, \nprocessing, distribution or any form of commercialisation of such material \ncopyright require the written consent of the respective author or creator. \nauthor or creator. Downloads and copies of this site \nare only permitted for private, non-commercial use. \nInsofar as the content on this page was not created by the operator,\n the copyrights of third parties are respected. In particular, the contents of \nthird parties are marked as such. Should you nevertheless become aware of a \ncopyright infringement, please inform us accordingly. \ncorresponding notice. If we become aware of any infringements, we will immediately remove the \nwe will remove such contents immediately.<\/p>\n\n\n\n<p><strong>Data privacy<\/strong>  The use of our website is generally possible without providing personal data. Insofar as personal data (e.g. name, address or e-mail addresses) is collected on our pages, this is always done on a voluntary basis as far as possible. This data will not be passed on to third parties without your express consent. We would like to point out that data transmission on the Internet (e.g. communication by e-mail) can have security gaps. Complete protection of data against access by third parties is not possible.<\/p>\n\n\n\n<p>For the rest, please refer to our <a href=\"https:\/\/law-and-lake.com\/wp-content\/uploads\/2024\/02\/Datenschutzerklaerung-\u2013-Website.pdf\">Data protection declaration<\/a>.<\/p>\n\n\n\n<p>The use of contact data published within the scope of the imprint obligation by third parties for the purpose of sending unsolicited advertising and information material is hereby expressly prohibited. The operators of the pages expressly reserve the right to take legal action in the event of the unsolicited sending of advertising information, for example through spam mails.<\/p>","protected":false},"excerpt":{"rendered":"<p>gem\u00e4\u00df \u00a7 5 TMG Kontaktdaten LAW &amp; LAKE gUG (haftungsbeschr\u00e4nkt)&nbsp; Universit\u00e4t Konstanz Fach 222 78457 Konstanz nachricht@law-and-lake.dewww.law-and-lake.de Instagram: law_and_lake Vertretungsberechtigte Gesch\u00e4ftsf\u00fchrer:Celina Wagner Sebastian Puhl Sitz der Gesellschaft: KonstanzEingetragen im Handelsregister beim Amtsgericht Freiburg, HRB 711220Steuernummer: 09041\/08003 Copyright und verantwortlich f\u00fcr den Inhalt:LAW &amp; LAKE gUG (haftungsbeschr\u00e4nkt) Haftungsausschluss Haftung f\u00fcr Inhalte Die Inhalte unserer Seiten wurden [&hellip;]<\/p>\n","protected":false},"author":2,"featured_media":0,"parent":5,"menu_order":4,"comment_status":"closed","ping_status":"closed","template":"","meta":{"site-sidebar-layout":"default","site-content-layout":"default","ast-site-content-layout":"default","site-content-style":"default","site-sidebar-style":"default","ast-global-header-display":"","ast-banner-title-visibility":"","ast-main-header-display":"","ast-hfb-above-header-display":"","ast-hfb-below-header-display":"","ast-hfb-mobile-header-display":"","site-post-title":"","ast-breadcrumbs-content":"","ast-featured-img":"","footer-sml-layout":"","ast-disable-related-posts":"","theme-transparent-header-meta":"default","adv-header-id-meta":"","stick-header-meta":"","header-above-stick-meta":"","header-main-stick-meta":"","header-below-stick-meta":"","astra-migrate-meta-layouts":"set","ast-page-background-enabled":"default","ast-page-background-meta":{"desktop":{"background-color":"","background-image":"","background-repeat":"repeat","background-position":"center center","background-size":"auto","background-attachment":"scroll","background-type":"","background-media":"","overlay-type":"","overlay-color":"","overlay-opacity":"","overlay-gradient":""},"tablet":{"background-color":"","background-image":"","background-repeat":"repeat","background-position":"center center","background-size":"auto","background-attachment":"scroll","background-type":"","background-media":"","overlay-type":"","overlay-color":"","overlay-opacity":"","overlay-gradient":""},"mobile":{"background-color":"","background-image":"","background-repeat":"repeat","background-position":"center center","background-size":"auto","background-attachment":"scroll","background-type":"","background-media":"","overlay-type":"","overlay-color":"","overlay-opacity":"","overlay-gradient":""}},"ast-content-background-meta":{"desktop":{"background-color":"var(--ast-global-color-5)","background-image":"","background-repeat":"repeat","background-position":"center center","background-size":"auto","background-attachment":"scroll","background-type":"","background-media":"","overlay-type":"","overlay-color":"","overlay-opacity":"","overlay-gradient":""},"tablet":{"background-color":"var(--ast-global-color-5)","background-image":"","background-repeat":"repeat","background-position":"center center","background-size":"auto","background-attachment":"scroll","background-type":"","background-media":"","overlay-type":"","overlay-color":"","overlay-opacity":"","overlay-gradient":""},"mobile":{"background-color":"var(--ast-global-color-5)","background-image":"","background-repeat":"repeat","background-position":"center center","background-size":"auto","background-attachment":"scroll","background-type":"","background-media":"","overlay-type":"","overlay-color":"","overlay-opacity":"","overlay-gradient":""}},"footnotes":""},"class_list":["post-219","page","type-page","status-publish","hentry"],"_links":{"self":[{"href":"https:\/\/law-and-lake.com\/en\/wp-json\/wp\/v2\/pages\/219","targetHints":{"allow":["GET"]}}],"collection":[{"href":"https:\/\/law-and-lake.com\/en\/wp-json\/wp\/v2\/pages"}],"about":[{"href":"https:\/\/law-and-lake.com\/en\/wp-json\/wp\/v2\/types\/page"}],"author":[{"embeddable":true,"href":"https:\/\/law-and-lake.com\/en\/wp-json\/wp\/v2\/users\/2"}],"replies":[{"embeddable":true,"href":"https:\/\/law-and-lake.com\/en\/wp-json\/wp\/v2\/comments?post=219"}],"version-history":[{"count":10,"href":"https:\/\/law-and-lake.com\/en\/wp-json\/wp\/v2\/pages\/219\/revisions"}],"predecessor-version":[{"id":851,"href":"https:\/\/law-and-lake.com\/en\/wp-json\/wp\/v2\/pages\/219\/revisions\/851"}],"up":[{"embeddable":true,"href":"https:\/\/law-and-lake.com\/en\/wp-json\/wp\/v2\/pages\/5"}],"wp:attachment":[{"href":"https:\/\/law-and-lake.com\/en\/wp-json\/wp\/v2\/media?parent=219"}],"curies":[{"name":"wp","href":"https:\/\/api.w.org\/{rel}","templated":true}]}}