{"id":214,"date":"2019-11-04T15:23:40","date_gmt":"2019-11-04T15:23:40","guid":{"rendered":"http:\/\/law-and-lake.com\/?page_id=214"},"modified":"2023-06-30T08:39:58","modified_gmt":"2023-06-30T07:39:58","slug":"kuratorium","status":"publish","type":"page","link":"https:\/\/law-and-lake.com\/en\/ueber-uns\/kuratorium\/","title":{"rendered":"Curatorship"},"content":{"rendered":"<p><\/p>\n\n\n\n<p>LAW &amp; LAKE is ideally supported by a circle of renowned personalities from \nacademia and teaching, advocacy and practice. Our board of trustees \nprofessors and lawyers who are committed to the idea of student \nand its implementation at the University of Konstanz. \nConstance University. It is an external body that is completely detached from our \ncompletely separate from our mandate work. We are grateful to the members of our \nBoard of Trustees we are grateful for valuable suggestions. They further \nour mission to gain experience in the practical application of the law. \npractical application of the law. In this way, you and we contribute to strengthening respect for law in society and its \nrespect for the law in society and its observance in concrete cases.<\/p>\n\n\n<div class=\"tmm tmm_kuratorium tmm-floating-pic\"><div class=\"tmm_2_columns tmm_wrap\"><span class=\"tmm_two_containers_tablet\"><\/span><div class=\"tmm_container tmm-equalizer\"><div class=\"tmm_member\" style=\"border-top:#ffffff solid 5px;\"><div class=\"tmm_photo tmm_pic_kuratorium_0\" style=\"background: url(http:\/\/law-and-lake.com\/wp-content\/uploads\/2019\/11\/Bildschirmfoto-2019-11-28-um-19.41.11.png); margin-left: auto; margin-right:auto; background-size:cover !important;\"><img decoding=\"async\" src=\"http:\/\/law-and-lake.com\/wp-content\/uploads\/2019\/11\/Bildschirmfoto-2019-11-28-um-19.41.11.png\" style=\"visibility: hidden; width:100%;\" \/><\/div><div class=\"tmm_textblock\"><div class=\"tmm_names\"><span class=\"tmm_fname\">Prof. emer. Dr. jur. Karl-Heinz<\/span> <span class=\"tmm_lname\">Fezer<\/span><\/div><div class=\"tmm_job\">Emeritus Professor of Civil Law, Commercial and Corporate Law, Intellectual Property Law and Business Law at the University of Konstanz<\/div><div class=\"tmm_scblock\"><\/div><\/div><\/div><div class=\"tmm_member\" style=\"border-top:#ffffff solid 5px;\"><div class=\"tmm_photo tmm_pic_kuratorium_1\" style=\"background: url(http:\/\/law-and-lake.com\/wp-content\/uploads\/2019\/11\/Bildschirmfoto-2019-11-28-um-19.44.06.png); margin-left: auto; margin-right:auto; background-size:cover !important;\"><img decoding=\"async\" src=\"http:\/\/law-and-lake.com\/wp-content\/uploads\/2019\/11\/Bildschirmfoto-2019-11-28-um-19.44.06.png\" style=\"visibility: hidden; width:100%;\" \/><\/div><div class=\"tmm_textblock\"><div class=\"tmm_names\"><span class=\"tmm_fname\">Prof. Dr. jur. Wolfgang<\/span> <span class=\"tmm_lname\">Fritzemeyer, LL.M.<\/span><\/div><div class=\"tmm_job\">Partner at Baker &amp; McKenzie, Munich<\/div><div class=\"tmm_scblock\"><\/div><\/div><\/div><span class=\"tmm_two_containers_tablet\"><\/span><\/div><span class=\"tmm_columns_containers_desktop\"><\/span><div class=\"tmm_container tmm-equalizer\"><div class=\"tmm_member\" style=\"border-top:#ffffff solid 5px;\"><div class=\"tmm_photo tmm_pic_kuratorium_2\" style=\"background: url(http:\/\/law-and-lake.com\/wp-content\/uploads\/2019\/11\/Bildschirmfoto-2019-11-28-um-19.44.29.png); margin-left: auto; margin-right:auto; background-size:cover !important;\"><img decoding=\"async\" src=\"http:\/\/law-and-lake.com\/wp-content\/uploads\/2019\/11\/Bildschirmfoto-2019-11-28-um-19.44.29.png\" style=\"visibility: hidden; width:100%;\" \/><\/div><div class=\"tmm_textblock\"><div class=\"tmm_names\"><span class=\"tmm_fname\">Prof. emer. Dr. jur. Dres. h.c. Bernd<\/span> <span class=\"tmm_lname\">R\u00fcthers \u2020<\/span><\/div><div class=\"tmm_job\">Emeritus Professor of Civil Law and Legal Theory and former Rector of the University of Konstanz<\/div><div class=\"tmm_scblock\"><\/div><\/div><\/div><div class=\"tmm_member\" style=\"border-top:#ffffff solid 5px;\"><div class=\"tmm_photo tmm_pic_kuratorium_3\" style=\"background: url(http:\/\/law-and-lake.com\/wp-content\/uploads\/2019\/11\/Bildschirmfoto-2019-11-28-um-19.44.39.png); margin-left: auto; margin-right:auto; background-size:cover !important;\"><img decoding=\"async\" src=\"http:\/\/law-and-lake.com\/wp-content\/uploads\/2019\/11\/Bildschirmfoto-2019-11-28-um-19.44.39.png\" style=\"visibility: hidden; width:100%;\" \/><\/div><div class=\"tmm_textblock\"><div class=\"tmm_names\"><span class=\"tmm_fname\">Prof. emer. Dr. jur. Hartmut<\/span> <span class=\"tmm_lname\">Maurer \u2020<\/span><\/div><div class=\"tmm_job\">Emeritus Professor of Constitutional Law, Administrative Law and Canon Law at the University of Konstanz<\/div><div class=\"tmm_scblock\"><\/div><\/div><\/div><div style=\"clear:both;\"><\/div><\/div><\/div><\/div>","protected":false},"excerpt":{"rendered":"<p>LAW &amp; LAKE wird ideell unterst\u00fctzt durch einen Kreis namhafter Pers\u00f6nlichkeiten aus Wissenschaft und Lehre, Anwaltschaft und Praxis. Unserem Kuratorium geh\u00f6ren Professoren und Rechtsanw\u00e4lte an, die sich f\u00fcr die Idee der studentischen Rechtsberatung und ihre Umsetzung an der Universit\u00e4t Konstanz stark machen. Es ist ein externes Gremium, das von unserer Mandatsarbeit g\u00e4nzlich abgetrennt ist. Den [&hellip;]<\/p>\n","protected":false},"author":2,"featured_media":0,"parent":5,"menu_order":2,"comment_status":"closed","ping_status":"closed","template":"","meta":{"site-sidebar-layout":"default","site-content-layout":"default","ast-site-content-layout":"default","site-content-style":"default","site-sidebar-style":"default","ast-global-header-display":"","ast-banner-title-visibility":"","ast-main-header-display":"","ast-hfb-above-header-display":"","ast-hfb-below-header-display":"","ast-hfb-mobile-header-display":"","site-post-title":"","ast-breadcrumbs-content":"","ast-featured-img":"","footer-sml-layout":"","ast-disable-related-posts":"","theme-transparent-header-meta":"default","adv-header-id-meta":"","stick-header-meta":"","header-above-stick-meta":"","header-main-stick-meta":"","header-below-stick-meta":"","astra-migrate-meta-layouts":"default","ast-page-background-enabled":"default","ast-page-background-meta":{"desktop":{"background-color":"","background-image":"","background-repeat":"repeat","background-position":"center center","background-size":"auto","background-attachment":"scroll","background-type":"","background-media":"","overlay-type":"","overlay-color":"","overlay-opacity":"","overlay-gradient":""},"tablet":{"background-color":"","background-image":"","background-repeat":"repeat","background-position":"center center","background-size":"auto","background-attachment":"scroll","background-type":"","background-media":"","overlay-type":"","overlay-color":"","overlay-opacity":"","overlay-gradient":""},"mobile":{"background-color":"","background-image":"","background-repeat":"repeat","background-position":"center center","background-size":"auto","background-attachment":"scroll","background-type":"","background-media":"","overlay-type":"","overlay-color":"","overlay-opacity":"","overlay-gradient":""}},"ast-content-background-meta":{"desktop":{"background-color":"var(--ast-global-color-5)","background-image":"","background-repeat":"repeat","background-position":"center center","background-size":"auto","background-attachment":"scroll","background-type":"","background-media":"","overlay-type":"","overlay-color":"","overlay-opacity":"","overlay-gradient":""},"tablet":{"background-color":"var(--ast-global-color-5)","background-image":"","background-repeat":"repeat","background-position":"center center","background-size":"auto","background-attachment":"scroll","background-type":"","background-media":"","overlay-type":"","overlay-color":"","overlay-opacity":"","overlay-gradient":""},"mobile":{"background-color":"var(--ast-global-color-5)","background-image":"","background-repeat":"repeat","background-position":"center center","background-size":"auto","background-attachment":"scroll","background-type":"","background-media":"","overlay-type":"","overlay-color":"","overlay-opacity":"","overlay-gradient":""}},"footnotes":""},"class_list":["post-214","page","type-page","status-publish","hentry"],"_links":{"self":[{"href":"https:\/\/law-and-lake.com\/en\/wp-json\/wp\/v2\/pages\/214","targetHints":{"allow":["GET"]}}],"collection":[{"href":"https:\/\/law-and-lake.com\/en\/wp-json\/wp\/v2\/pages"}],"about":[{"href":"https:\/\/law-and-lake.com\/en\/wp-json\/wp\/v2\/types\/page"}],"author":[{"embeddable":true,"href":"https:\/\/law-and-lake.com\/en\/wp-json\/wp\/v2\/users\/2"}],"replies":[{"embeddable":true,"href":"https:\/\/law-and-lake.com\/en\/wp-json\/wp\/v2\/comments?post=214"}],"version-history":[{"count":6,"href":"https:\/\/law-and-lake.com\/en\/wp-json\/wp\/v2\/pages\/214\/revisions"}],"predecessor-version":[{"id":769,"href":"https:\/\/law-and-lake.com\/en\/wp-json\/wp\/v2\/pages\/214\/revisions\/769"}],"up":[{"embeddable":true,"href":"https:\/\/law-and-lake.com\/en\/wp-json\/wp\/v2\/pages\/5"}],"wp:attachment":[{"href":"https:\/\/law-and-lake.com\/en\/wp-json\/wp\/v2\/media?parent=214"}],"curies":[{"name":"wp","href":"https:\/\/api.w.org\/{rel}","templated":true}]}}