{"id":210,"date":"2019-11-04T15:22:32","date_gmt":"2019-11-04T15:22:32","guid":{"rendered":"http:\/\/law-and-lake.com\/?page_id=210"},"modified":"2023-05-11T07:14:41","modified_gmt":"2023-05-11T06:14:41","slug":"kooperationen","status":"publish","type":"page","link":"https:\/\/law-and-lake.com\/en\/ueber-uns\/kooperationen\/","title":{"rendered":"Cooperations"},"content":{"rendered":"<div class=\"wp-block-media-text is-stacked-on-mobile\" style=\"grid-template-columns:30% auto\"><figure class=\"wp-block-media-text__media\"><img loading=\"lazy\" decoding=\"async\" width=\"336\" height=\"186\" src=\"http:\/\/law-and-lake.com\/wp-content\/uploads\/2019\/11\/Kues-Partner-Logo.png\" alt=\"\" class=\"wp-image-304 size-full\" srcset=\"https:\/\/law-and-lake.com\/wp-content\/uploads\/2019\/11\/Kues-Partner-Logo.png 336w, https:\/\/law-and-lake.com\/wp-content\/uploads\/2019\/11\/Kues-Partner-Logo-300x166.png 300w\" sizes=\"auto, (max-width: 336px) 100vw, 336px\" \/><\/figure><div class=\"wp-block-media-text__content\">\n<p class=\"has-medium-font-size\"><strong>Kanzlei Kues &amp; Partner<\/strong> <\/p>\n\n\n\n<p>The Constance law firm <a href=\"http:\/\/www.kues-partner.de\/\" target=\"_blank\" rel=\"noreferrer noopener\">Kues &amp; Partner <\/a>with its team of lawyers and specialists, is one of the oldest and most renowned law firms on Lake Constance. It has been firmly anchored in the region for decades and at the same time has excellent national and international networks.<\/p>\n<\/div><\/div>\n\n\n\n<hr class=\"wp-block-separator has-css-opacity\"\/>\n\n\n\n<div class=\"wp-block-media-text is-stacked-on-mobile\" style=\"grid-template-columns:30% auto\"><figure class=\"wp-block-media-text__media\"><img loading=\"lazy\" decoding=\"async\" width=\"377\" height=\"112\" src=\"http:\/\/law-and-lake.com\/wp-content\/uploads\/2019\/11\/Bilidt-Partner-Logo.png\" alt=\"\" class=\"wp-image-303 size-full\" srcset=\"https:\/\/law-and-lake.com\/wp-content\/uploads\/2019\/11\/Bilidt-Partner-Logo.png 377w, https:\/\/law-and-lake.com\/wp-content\/uploads\/2019\/11\/Bilidt-Partner-Logo-300x89.png 300w\" sizes=\"auto, (max-width: 377px) 100vw, 377px\" \/><\/figure><div class=\"wp-block-media-text__content\">\n<p class=\"has-medium-font-size\"><strong>Kanzlei Bilidt + Partner<\/strong> <\/p>\n\n\n\n<p>The specialized law firm <a rel=\"noreferrer noopener\" href=\"http:\/\/www.rechtsanwaelte-radolfzell.de\/\" target=\"_blank\">Bilidt + Partner<\/a>   in Radolfzell advises with legal competence on legal problems of a civil and criminal nature, with the aim of always helping clients to achieve the desired results in the most uncomplicated way possible. <\/p>\n<\/div><\/div>\n\n\n\n<hr class=\"wp-block-separator has-css-opacity\"\/>\n\n\n\n<div class=\"wp-block-media-text is-stacked-on-mobile\" style=\"grid-template-columns:30% auto\"><figure class=\"wp-block-media-text__media\"><img loading=\"lazy\" decoding=\"async\" width=\"459\" height=\"199\" src=\"http:\/\/law-and-lake.com\/wp-content\/uploads\/2019\/11\/Clavisto-Logo.png\" alt=\"\" class=\"wp-image-302 size-full\" srcset=\"https:\/\/law-and-lake.com\/wp-content\/uploads\/2019\/11\/Clavisto-Logo.png 459w, https:\/\/law-and-lake.com\/wp-content\/uploads\/2019\/11\/Clavisto-Logo-300x130.png 300w\" sizes=\"auto, (max-width: 459px) 100vw, 459px\" \/><\/figure><div class=\"wp-block-media-text__content\">\n<p class=\"has-medium-font-size\"><strong>clavisto<\/strong><\/p>\n\n\n\n<p><a rel=\"noreferrer noopener\" href=\"https:\/\/www.clavisto.de\/\" target=\"_blank\">clavisto<\/a> is the talent program for excellent young lawyers and offers students, graduates and young professionals the possibility to inform themselves extensively about the clavisto partner law firms and the respective career opportunities as well as to use the platform as an application tool.<\/p>\n<\/div><\/div>\n\n\n\n<hr class=\"wp-block-separator has-css-opacity\"\/>\n\n\n\n<div class=\"wp-block-media-text is-stacked-on-mobile\" style=\"grid-template-columns:30% auto\"><figure class=\"wp-block-media-text__media\"><img loading=\"lazy\" decoding=\"async\" width=\"1024\" height=\"410\" src=\"https:\/\/law-and-lake.com\/wp-content\/uploads\/2023\/05\/LogoStandorte_rot_weiss_RGB-1024x410.jpg\" alt=\"\" class=\"wp-image-757 size-full\" srcset=\"https:\/\/law-and-lake.com\/wp-content\/uploads\/2023\/05\/LogoStandorte_rot_weiss_RGB-1024x410.jpg 1024w, https:\/\/law-and-lake.com\/wp-content\/uploads\/2023\/05\/LogoStandorte_rot_weiss_RGB-300x120.jpg 300w, https:\/\/law-and-lake.com\/wp-content\/uploads\/2023\/05\/LogoStandorte_rot_weiss_RGB-768x307.jpg 768w, https:\/\/law-and-lake.com\/wp-content\/uploads\/2023\/05\/LogoStandorte_rot_weiss_RGB-1536x614.jpg 1536w, https:\/\/law-and-lake.com\/wp-content\/uploads\/2023\/05\/LogoStandorte_rot_weiss_RGB-2048x819.jpg 2048w, https:\/\/law-and-lake.com\/wp-content\/uploads\/2023\/05\/LogoStandorte_rot_weiss_RGB-18x7.jpg 18w\" sizes=\"auto, (max-width: 1024px) 100vw, 1024px\" \/><\/figure><div class=\"wp-block-media-text__content\">\n<p class=\"has-medium-font-size\"><strong>Law&amp;Legal Studentische Rechtsberatung e.V.<\/strong><\/p>\n\n\n\n<p><a href=\"https:\/\/lawandlegal.de\/\" target=\"_blank\" rel=\"noreferrer noopener\">Law&amp;Legal<\/a>  is a registered non-profit association and at the same time a pioneer in the field of student legal advice in Germany. Advice is provided free of charge in Bayreuth, Berlin, Frankfurt am Main, Halle, Hamburg, Heidelberg, Leipzig, Munich and T\u00fcbingen - by students for students.<\/p>\n<\/div><\/div>\n\n\n\n<hr class=\"wp-block-separator has-css-opacity\"\/>\n\n\n\n<div class=\"wp-block-media-text is-stacked-on-mobile\" style=\"grid-template-columns:30% auto\"><figure class=\"wp-block-media-text__media\"><img loading=\"lazy\" decoding=\"async\" width=\"768\" height=\"305\" src=\"http:\/\/law-and-lake.com\/wp-content\/uploads\/2019\/11\/E-Fellows.net-Logo.png\" alt=\"\" class=\"wp-image-299 size-full\" srcset=\"https:\/\/law-and-lake.com\/wp-content\/uploads\/2019\/11\/E-Fellows.net-Logo.png 768w, https:\/\/law-and-lake.com\/wp-content\/uploads\/2019\/11\/E-Fellows.net-Logo-300x119.png 300w\" sizes=\"auto, (max-width: 768px) 100vw, 768px\" \/><\/figure><div class=\"wp-block-media-text__content\">\n<p class=\"has-medium-font-size\"><strong> e-fellows.net<\/strong><\/p>\n\n\n\n<p>The career network <a href=\"http:\/\/e-fellows.net\" target=\"_blank\" rel=\"noreferrer noopener\">e-fellows.net<\/a> supports students and doctoral candidates with outstanding academic achievements, internships, stays abroad and extracurricular activities with the e-fellows.net online scholarship.<br>Stipendiaten erhalten unter anderem kostenfreie Zeitungsabos und  Recherchem\u00f6glichkeiten in fachspezifischen Datenbanken. Durch exklusive  Praktikums- und Einstiegsangebote sowie ein Mentorenprogramm kn\u00fcpfen die  Stipendiaten Kontakte zu Top-Unternehmen.<\/p>\n<\/div><\/div>\n\n\n\n<hr class=\"wp-block-separator has-css-opacity\"\/>\n\n\n\n<div class=\"wp-block-media-text is-stacked-on-mobile\" style=\"grid-template-columns:30% auto\"><figure class=\"wp-block-media-text__media\"><img loading=\"lazy\" decoding=\"async\" width=\"280\" height=\"153\" src=\"http:\/\/law-and-lake.com\/wp-content\/uploads\/2019\/11\/B.S.R.B.-Logo.png\" alt=\"\" class=\"wp-image-300 size-full\"\/><\/figure><div class=\"wp-block-media-text__content\">\n<p class=\"has-medium-font-size\"><strong>Federal Association of Student Legal Counsellors<\/strong><\/p>\n\n\n\n<p>LAW &amp; LAKE is a member of the <a rel=\"noreferrer noopener\" href=\"http:\/\/b-s-r-b.de\/\" target=\"_blank\">Association of Student Legal Advisors (BSRB)<\/a>, umbrella organization and thus at the same time network and hub between the student legal advisors in Germany.<\/p>\n<\/div><\/div>\n\n\n\n<hr class=\"wp-block-separator has-css-opacity\"\/>\n\n\n\n<div class=\"wp-block-media-text is-stacked-on-mobile\" style=\"grid-template-columns:30% auto\"><figure class=\"wp-block-media-text__media\"><img loading=\"lazy\" decoding=\"async\" width=\"1024\" height=\"676\" src=\"https:\/\/law-and-lake.com\/wp-content\/uploads\/2022\/09\/Outlook-uhhcnqle-1-1024x676.png\" alt=\"\" class=\"wp-image-665 size-full\" srcset=\"https:\/\/law-and-lake.com\/wp-content\/uploads\/2022\/09\/Outlook-uhhcnqle-1-1024x676.png 1024w, https:\/\/law-and-lake.com\/wp-content\/uploads\/2022\/09\/Outlook-uhhcnqle-1-300x198.png 300w, https:\/\/law-and-lake.com\/wp-content\/uploads\/2022\/09\/Outlook-uhhcnqle-1-768x507.png 768w, https:\/\/law-and-lake.com\/wp-content\/uploads\/2022\/09\/Outlook-uhhcnqle-1-1536x1013.png 1536w, https:\/\/law-and-lake.com\/wp-content\/uploads\/2022\/09\/Outlook-uhhcnqle-1-2048x1351.png 2048w, https:\/\/law-and-lake.com\/wp-content\/uploads\/2022\/09\/Outlook-uhhcnqle-1-18x12.png 18w\" sizes=\"auto, (max-width: 1024px) 100vw, 1024px\" \/><\/figure><div class=\"wp-block-media-text__content\">\n<p class=\"has-medium-font-size\"><strong>Umbrella organisation of student legal advice centres<\/strong><\/p>\n\n\n\n<p>LAW &amp; LAKE is a member of the <a href=\"https:\/\/dachverband-srb.de\">Umbrella organisation of student legal advice centres <\/a>and thus parts of a nationwide network of student legal advisors with different fields of advice. <\/p>\n<\/div><\/div>\n\n\n\n<hr class=\"wp-block-separator has-css-opacity\"\/>\n\n\n\n<div class=\"wp-block-media-text is-stacked-on-mobile\" style=\"grid-template-columns:30% auto\"><figure class=\"wp-block-media-text__media\"><img loading=\"lazy\" decoding=\"async\" width=\"1024\" height=\"292\" src=\"https:\/\/law-and-lake.com\/wp-content\/uploads\/2022\/10\/CMS-Stiftung-Logo-RGB-1024x292.jpg\" alt=\"\" class=\"wp-image-674 size-full\" srcset=\"https:\/\/law-and-lake.com\/wp-content\/uploads\/2022\/10\/CMS-Stiftung-Logo-RGB-1024x292.jpg 1024w, https:\/\/law-and-lake.com\/wp-content\/uploads\/2022\/10\/CMS-Stiftung-Logo-RGB-300x86.jpg 300w, https:\/\/law-and-lake.com\/wp-content\/uploads\/2022\/10\/CMS-Stiftung-Logo-RGB-768x219.jpg 768w, https:\/\/law-and-lake.com\/wp-content\/uploads\/2022\/10\/CMS-Stiftung-Logo-RGB-1536x438.jpg 1536w, https:\/\/law-and-lake.com\/wp-content\/uploads\/2022\/10\/CMS-Stiftung-Logo-RGB-18x5.jpg 18w, https:\/\/law-and-lake.com\/wp-content\/uploads\/2022\/10\/CMS-Stiftung-Logo-RGB.jpg 1654w\" sizes=\"auto, (max-width: 1024px) 100vw, 1024px\" \/><\/figure><div class=\"wp-block-media-text__content\">\n<p class=\"has-medium-font-size\"><strong>CMS Foundation <\/strong><\/p>\n\n\n\n<p>LAW &amp; LAKE is a member of the <a href=\"https:\/\/www.cms-stiftung.de\">CMS Foundation<\/a> and thus part of a nationwide support network. <\/p>\n<\/div><\/div>","protected":false},"excerpt":{"rendered":"<p>Kanzlei Kues &amp; Partner Die Konstanzer Kanzlei Kues &amp; Partner mit ihrem Team aus Fachanw\u00e4lten und Spezialisten geh\u00f6rt zu den \u00e4ltesten und renommiertesten Kanzleien am Bodensee. Sie ist seit Jahrzehnten regional fest verankert und gleichzeitig national wie international exzellent vernetzt. Kanzlei Bilidt + Partner Die Rechts- und Fachanwaltskanzlei Bilidt + Partner in Radolfzell ber\u00e4t mit [&hellip;]<\/p>\n","protected":false},"author":2,"featured_media":0,"parent":5,"menu_order":3,"comment_status":"closed","ping_status":"closed","template":"","meta":{"site-sidebar-layout":"default","site-content-layout":"default","ast-site-content-layout":"default","site-content-style":"default","site-sidebar-style":"default","ast-global-header-display":"","ast-banner-title-visibility":"","ast-main-header-display":"","ast-hfb-above-header-display":"","ast-hfb-below-header-display":"","ast-hfb-mobile-header-display":"","site-post-title":"","ast-breadcrumbs-content":"","ast-featured-img":"","footer-sml-layout":"","ast-disable-related-posts":"","theme-transparent-header-meta":"default","adv-header-id-meta":"","stick-header-meta":"","header-above-stick-meta":"","header-main-stick-meta":"","header-below-stick-meta":"","astra-migrate-meta-layouts":"default","ast-page-background-enabled":"default","ast-page-background-meta":{"desktop":{"background-color":"","background-image":"","background-repeat":"repeat","background-position":"center center","background-size":"auto","background-attachment":"scroll","background-type":"","background-media":"","overlay-type":"","overlay-color":"","overlay-opacity":"","overlay-gradient":""},"tablet":{"background-color":"","background-image":"","background-repeat":"repeat","background-position":"center center","background-size":"auto","background-attachment":"scroll","background-type":"","background-media":"","overlay-type":"","overlay-color":"","overlay-opacity":"","overlay-gradient":""},"mobile":{"background-color":"","background-image":"","background-repeat":"repeat","background-position":"center center","background-size":"auto","background-attachment":"scroll","background-type":"","background-media":"","overlay-type":"","overlay-color":"","overlay-opacity":"","overlay-gradient":""}},"ast-content-background-meta":{"desktop":{"background-color":"var(--ast-global-color-5)","background-image":"","background-repeat":"repeat","background-position":"center center","background-size":"auto","background-attachment":"scroll","background-type":"","background-media":"","overlay-type":"","overlay-color":"","overlay-opacity":"","overlay-gradient":""},"tablet":{"background-color":"var(--ast-global-color-5)","background-image":"","background-repeat":"repeat","background-position":"center center","background-size":"auto","background-attachment":"scroll","background-type":"","background-media":"","overlay-type":"","overlay-color":"","overlay-opacity":"","overlay-gradient":""},"mobile":{"background-color":"var(--ast-global-color-5)","background-image":"","background-repeat":"repeat","background-position":"center center","background-size":"auto","background-attachment":"scroll","background-type":"","background-media":"","overlay-type":"","overlay-color":"","overlay-opacity":"","overlay-gradient":""}},"footnotes":""},"class_list":["post-210","page","type-page","status-publish","hentry"],"_links":{"self":[{"href":"https:\/\/law-and-lake.com\/en\/wp-json\/wp\/v2\/pages\/210","targetHints":{"allow":["GET"]}}],"collection":[{"href":"https:\/\/law-and-lake.com\/en\/wp-json\/wp\/v2\/pages"}],"about":[{"href":"https:\/\/law-and-lake.com\/en\/wp-json\/wp\/v2\/types\/page"}],"author":[{"embeddable":true,"href":"https:\/\/law-and-lake.com\/en\/wp-json\/wp\/v2\/users\/2"}],"replies":[{"embeddable":true,"href":"https:\/\/law-and-lake.com\/en\/wp-json\/wp\/v2\/comments?post=210"}],"version-history":[{"count":14,"href":"https:\/\/law-and-lake.com\/en\/wp-json\/wp\/v2\/pages\/210\/revisions"}],"predecessor-version":[{"id":758,"href":"https:\/\/law-and-lake.com\/en\/wp-json\/wp\/v2\/pages\/210\/revisions\/758"}],"up":[{"embeddable":true,"href":"https:\/\/law-and-lake.com\/en\/wp-json\/wp\/v2\/pages\/5"}],"wp:attachment":[{"href":"https:\/\/law-and-lake.com\/en\/wp-json\/wp\/v2\/media?parent=210"}],"curies":[{"name":"wp","href":"https:\/\/api.w.org\/{rel}","templated":true}]}}