{"id":21,"date":"2019-10-24T18:50:50","date_gmt":"2019-10-24T18:50:50","guid":{"rendered":"http:\/\/law-and-lake.com\/?page_id=21"},"modified":"2026-04-24T10:26:29","modified_gmt":"2026-04-24T09:26:29","slug":"fallanfrage","status":"publish","type":"page","link":"https:\/\/law-and-lake.com\/en\/kontakt\/fallanfrage\/","title":{"rendered":"Case enquiry"},"content":{"rendered":"<p>LAW &amp; LAKE offers you uncomplicated access to high-quality legal advice, yet not every case is also suitable for advice by student legal advisors. That is why we examine each case carefully before accepting the mandate and thus also decide in your best interest whether we can provide advice. To do so, simply fill out the form below with a brief description of your problem and your expectations of the solution.<br>We will endeavour to respond quickly. <span style=\"text-decoration: underline;\">Please also check your spam folder regularly.<\/span><\/p>\n\n\n\n<figure class=\"wp-block-table\"><table class=\"has-background\" style=\"background-color:#fcf0ef\"><tbody><tr><td>Please note that as a student legal advice service we cannot take action in matters that are subject to deadlines and, for capacity reasons, we also cannot accept all cases brought to us.<br><\/td><\/tr><\/tbody><\/table><\/figure>\n\n\n\n<div class=\"wpcf7 no-js\" id=\"wpcf7-f25-o1\" lang=\"de-DE\" dir=\"ltr\" data-wpcf7-id=\"25\">\n<div class=\"screen-reader-response\"><p role=\"status\" aria-live=\"polite\" aria-atomic=\"true\"><\/p> <ul><\/ul><\/div>\n<form action=\"\/en\/wp-json\/wp\/v2\/pages\/21#wpcf7-f25-o1\" method=\"post\" class=\"wpcf7-form init\" aria-label=\"Contact form,\" novalidate=\"novalidate\" data-status=\"init\" data-trp-original-action=\"\/en\/wp-json\/wp\/v2\/pages\/21#wpcf7-f25-o1\">\n<fieldset class=\"hidden-fields-container\"><input type=\"hidden\" name=\"_wpcf7\" value=\"25\" \/><input type=\"hidden\" name=\"_wpcf7_version\" value=\"6.1.5\" \/><input type=\"hidden\" name=\"_wpcf7_locale\" value=\"de_DE\" \/><input type=\"hidden\" name=\"_wpcf7_unit_tag\" value=\"wpcf7-f25-o1\" \/><input type=\"hidden\" name=\"_wpcf7_container_post\" value=\"0\" \/><input type=\"hidden\" name=\"_wpcf7_posted_data_hash\" value=\"\" \/><input type=\"hidden\" name=\"_wpcf7_recaptcha_response\" value=\"\" \/>\n<\/fieldset>\n<p><label> Your name (required)<br \/>\n<span class=\"wpcf7-form-control-wrap\" data-name=\"your-name\"><input size=\"40\" maxlength=\"400\" class=\"wpcf7-form-control wpcf7-text wpcf7-validates-as-required\" aria-required=\"true\" aria-invalid=\"false\" value=\"\" type=\"text\" name=\"your-name\" \/><\/span> <\/label>\n<\/p>\n<p><label> Your email address (required)<br \/>\n<span class=\"wpcf7-form-control-wrap\" data-name=\"your-email\"><input size=\"40\" maxlength=\"400\" class=\"wpcf7-form-control wpcf7-email wpcf7-validates-as-required wpcf7-text wpcf7-validates-as-email\" aria-required=\"true\" aria-invalid=\"false\" value=\"\" type=\"email\" name=\"your-email\" \/><\/span> <\/label>\n<\/p>\n<p><label> Your message<br \/>\n<span class=\"wpcf7-form-control-wrap\" data-name=\"your-message\"><textarea cols=\"40\" rows=\"10\" maxlength=\"2000\" class=\"wpcf7-form-control wpcf7-textarea\" aria-invalid=\"false\" name=\"your-message\"><\/textarea><\/span> <\/label>\n<\/p>\n<p><label> How did you hear about us?<br \/>\n<span class=\"wpcf7-form-control-wrap\" data-name=\"Werbungsreichweite\"><select class=\"wpcf7-form-control wpcf7-select\" aria-invalid=\"false\" name=\"Werbungsreichweite\"><option value=\"\">&#8211; Bitte ausw\u00e4hlen &#8211;<\/option><option value=\"Freunde &amp; Bekannte\">Friends &amp; Colleagues<\/option><option value=\"Suchmaschine\">Search engine<\/option><option value=\"Zeitung\">Newspaper<\/option><option value=\"Flyer, Plakate\">Flyers, posters<\/option><option value=\"Kontakt zu Beratern\">Contact with advisers<\/option><option value=\"Sonstiges\">Others<\/option><\/select><\/span><br \/>\n<span class=\"wpcf7-form-control-wrap\" data-name=\"acceptance-922\"><span class=\"wpcf7-form-control wpcf7-acceptance\"><span class=\"wpcf7-list-item\"><label><input type=\"checkbox\" name=\"acceptance-922\" value=\"1\" aria-invalid=\"false\" \/><span class=\"wpcf7-list-item-label\">I consent to the collection and processing of my data in accordance with the privacy policy (see below).<\/span><\/label><\/span><\/span><\/span><br \/>\n________________________________________________________________________________________________________<br \/>\nSpam protection: Please answer the question to make sure you are not a bot.<br \/>\n<span class=\"wpcf7-form-control-wrap\" data-name=\"quiz-400\"><label><span class=\"wpcf7-quiz-label\">Welches Haustier bellt?<\/span> <input size=\"40\" class=\"wpcf7-form-control wpcf7-quiz\" autocomplete=\"off\" aria-required=\"true\" aria-invalid=\"false\" type=\"text\" name=\"quiz-400\" \/><\/label><input type=\"hidden\" name=\"_wpcf7_quiz_answer_quiz-400\" value=\"a69069ae9e8e0c1a79566499e42b538d\" \/><\/span><br \/>\n<input class=\"wpcf7-form-control wpcf7-submit has-spinner\" type=\"submit\" value=\"Senden\" \/><\/label>\n<\/p><div class=\"wpcf7-response-output\" aria-hidden=\"true\"><\/div>\n<input type=\"hidden\" name=\"trp-form-language\" value=\"en\"\/><\/form>\n<\/div>\n\n\n\n\n<div class=\"wp-block-file\"><a id=\"wp-block-file--media-af827078-dc23-44f7-8f6e-38f5865603da\" href=\"http:\/\/law-and-lake.com\/wp-content\/uploads\/2019\/12\/Datenschutzerkl\u00e4rung-\u2013-Website-1.pdf\" target=\"_blank\" rel=\"noreferrer noopener\">Data protection declaration<\/a><a href=\"http:\/\/law-and-lake.com\/wp-content\/uploads\/2019\/12\/Datenschutzerkl\u00e4rung-\u2013-Website-1.pdf\" class=\"wp-block-file__button wp-element-button\" download aria-describedby=\"wp-block-file--media-af827078-dc23-44f7-8f6e-38f5865603da\">Download<\/a><\/div>","protected":false},"excerpt":{"rendered":"<p>LAW &amp; LAKE bietet Ihnen unkomplizierten Zugang zu qualitativ hochwertigem Rechtsrat, dennoch ist nicht jeder Fall auch f\u00fcr die Beratung durch studentische Rechtsberater geeignet. Deshalb pr\u00fcfen wir jeden Fall vor Annahme des Mandats genau und entscheiden so auch zu Ihrem Besten, ob wir beratend t\u00e4tig werden k\u00f6nnen. F\u00fcllen Sie hierzu einfach das unten folgende Formular&nbsp;aus, [&hellip;]<\/p>\n","protected":false},"author":2,"featured_media":0,"parent":224,"menu_order":1,"comment_status":"closed","ping_status":"closed","template":"","meta":{"site-sidebar-layout":"default","site-content-layout":"default","ast-site-content-layout":"default","site-content-style":"default","site-sidebar-style":"default","ast-global-header-display":"","ast-banner-title-visibility":"","ast-main-header-display":"","ast-hfb-above-header-display":"","ast-hfb-below-header-display":"","ast-hfb-mobile-header-display":"","site-post-title":"","ast-breadcrumbs-content":"","ast-featured-img":"","footer-sml-layout":"","ast-disable-related-posts":"","theme-transparent-header-meta":"default","adv-header-id-meta":"","stick-header-meta":"","header-above-stick-meta":"","header-main-stick-meta":"","header-below-stick-meta":"","astra-migrate-meta-layouts":"set","ast-page-background-enabled":"default","ast-page-background-meta":{"desktop":{"background-color":"","background-image":"","background-repeat":"repeat","background-position":"center center","background-size":"auto","background-attachment":"scroll","background-type":"","background-media":"","overlay-type":"","overlay-color":"","overlay-opacity":"","overlay-gradient":""},"tablet":{"background-color":"","background-image":"","background-repeat":"repeat","background-position":"center center","background-size":"auto","background-attachment":"scroll","background-type":"","background-media":"","overlay-type":"","overlay-color":"","overlay-opacity":"","overlay-gradient":""},"mobile":{"background-color":"","background-image":"","background-repeat":"repeat","background-position":"center center","background-size":"auto","background-attachment":"scroll","background-type":"","background-media":"","overlay-type":"","overlay-color":"","overlay-opacity":"","overlay-gradient":""}},"ast-content-background-meta":{"desktop":{"background-color":"var(--ast-global-color-5)","background-image":"","background-repeat":"repeat","background-position":"center center","background-size":"auto","background-attachment":"scroll","background-type":"","background-media":"","overlay-type":"","overlay-color":"","overlay-opacity":"","overlay-gradient":""},"tablet":{"background-color":"var(--ast-global-color-5)","background-image":"","background-repeat":"repeat","background-position":"center center","background-size":"auto","background-attachment":"scroll","background-type":"","background-media":"","overlay-type":"","overlay-color":"","overlay-opacity":"","overlay-gradient":""},"mobile":{"background-color":"var(--ast-global-color-5)","background-image":"","background-repeat":"repeat","background-position":"center center","background-size":"auto","background-attachment":"scroll","background-type":"","background-media":"","overlay-type":"","overlay-color":"","overlay-opacity":"","overlay-gradient":""}},"footnotes":""},"class_list":["post-21","page","type-page","status-publish","hentry"],"_links":{"self":[{"href":"https:\/\/law-and-lake.com\/en\/wp-json\/wp\/v2\/pages\/21","targetHints":{"allow":["GET"]}}],"collection":[{"href":"https:\/\/law-and-lake.com\/en\/wp-json\/wp\/v2\/pages"}],"about":[{"href":"https:\/\/law-and-lake.com\/en\/wp-json\/wp\/v2\/types\/page"}],"author":[{"embeddable":true,"href":"https:\/\/law-and-lake.com\/en\/wp-json\/wp\/v2\/users\/2"}],"replies":[{"embeddable":true,"href":"https:\/\/law-and-lake.com\/en\/wp-json\/wp\/v2\/comments?post=21"}],"version-history":[{"count":17,"href":"https:\/\/law-and-lake.com\/en\/wp-json\/wp\/v2\/pages\/21\/revisions"}],"predecessor-version":[{"id":992,"href":"https:\/\/law-and-lake.com\/en\/wp-json\/wp\/v2\/pages\/21\/revisions\/992"}],"up":[{"embeddable":true,"href":"https:\/\/law-and-lake.com\/en\/wp-json\/wp\/v2\/pages\/224"}],"wp:attachment":[{"href":"https:\/\/law-and-lake.com\/en\/wp-json\/wp\/v2\/media?parent=21"}],"curies":[{"name":"wp","href":"https:\/\/api.w.org\/{rel}","templated":true}]}}