{"id":206,"date":"2019-11-04T15:19:50","date_gmt":"2019-11-04T15:19:50","guid":{"rendered":"http:\/\/law-and-lake.com\/?page_id=206"},"modified":"2026-04-10T08:44:55","modified_gmt":"2026-04-10T07:44:55","slug":"mitarbeit","status":"publish","type":"page","link":"https:\/\/law-and-lake.com\/en\/mitarbeit\/","title":{"rendered":"Join us"},"content":{"rendered":"<figure class=\"wp-block-image size-large is-style-default\"><img loading=\"lazy\" decoding=\"async\" width=\"1024\" height=\"566\" src=\"https:\/\/law-and-lake.com\/wp-content\/uploads\/2020\/03\/Posterbild2-1-1024x566.jpeg\" alt=\"\" class=\"wp-image-470\" srcset=\"https:\/\/law-and-lake.com\/wp-content\/uploads\/2020\/03\/Posterbild2-1-1024x566.jpeg 1024w, https:\/\/law-and-lake.com\/wp-content\/uploads\/2020\/03\/Posterbild2-1-300x166.jpeg 300w, https:\/\/law-and-lake.com\/wp-content\/uploads\/2020\/03\/Posterbild2-1-768x424.jpeg 768w, https:\/\/law-and-lake.com\/wp-content\/uploads\/2020\/03\/Posterbild2-1-1536x849.jpeg 1536w, https:\/\/law-and-lake.com\/wp-content\/uploads\/2020\/03\/Posterbild2-1-2048x1132.jpeg 2048w\" sizes=\"auto, (max-width: 1024px) 100vw, 1024px\" \/><\/figure>\n\n\n\n<h3 class=\"wp-block-heading\">Why should I join?<\/h3>\n\n\n\n<p>There are many reasons to get involved with LAW &amp;\n LAKE as a consultant. First of all, we pursue the important \npro bono idea of creating added value for society - \nnot only for the benefit of others, but for mutual gain. We combine social engagement with our own training and development, creating a situation \ndevelopment, create a situation from which all participants benefit and \nand, as those who benefit from the privilege of studying at a \nuniversity studies, we want to make our contribution to a strong and stable \nstable civil society.<\/p>\n\n\n\n<p>Furthermore, working with us offers \noffers a first-class opportunity to apply acquired knowledge in practice, to strengthen \nsocial and personal skills, to work with committed fellow students and \nand experienced lawyers from the legal profession, academia and the judiciary. \nexperienced lawyers from the legal profession, academia and the judiciary. \nparticipation in an honorary project, which fundamentally \nthe perspective of legal counselling practice, to significantly improve one's \nconsiderably improve their chances of applying for a job later on.<\/p>\n\n\n\n<h3 class=\"wp-block-heading\">Which advisors are we looking for?<\/h3>\n\n\n\n<p>Wir freuen uns \u00fcber motivierte Mitstreiter, die mit uns die Idee der studentischen Pro-Bono-Rechtsberatung gestalten und als Berater bei LAW &amp; LAKE mit dabei sein wollen. Wir suchen Studentinnen und Studenten ab Beginn des dritten Semesters mit einem \u00fcberzeugenden bisherigen Werdegang. Entscheidend sind f\u00fcr die Beratungst\u00e4tigkeit bei LAW &amp; LAKE neben der fachlichen Kompetenz die \u00fcberdurchschnittliche Motivation und Freude an der Falll\u00f6sung sowie ein ehrliches Interesse f\u00fcr das (rechtliche) Problem des Mandanten und ein aufgeschlossener Umgang. Dar\u00fcber hinaus freuen wir uns auch \u00fcber die Mitarbeit von Referendarinnen und Referendaren sowie von wissenschaftlichen Mitarbeiterinnen und Mitarbeitern.<\/p>\n\n\n\n<p>We look forward to receiving a short message from you describing your motivation to work with us! Please enclose a short CV in tabular form and - if you are still studying - a ZEuS extract of your examination results.<\/p>\n\n\n\n<p><strong>Contact<\/strong> Nicolas H\u00e4berle und Christin K\u00e4lberer, Ressortleiter Mitarbeit unter <em>mitarbeit@law-and-lake.de<\/em><\/p>","protected":false},"excerpt":{"rendered":"<p>Wieso sollte ich mitmachen? Es gibt viele Gr\u00fcnde, sich bei LAW &amp; LAKE als Berater zu engagieren. Zun\u00e4chst verfolgen wir den wichtigen Pro-Bono-Gedanken, gesellschaftlichen Mehrwert zu bilden \u2013 dabei aber nicht nur zum Vorteil anderer, sondern zum beiderseitigen Gewinn zu handeln. Wir verkn\u00fcpfen soziales Engagement mit eigener Fortbildung und Weiterentwicklung, schaffen eine Situation, von der [&hellip;]<\/p>\n","protected":false},"author":2,"featured_media":0,"parent":0,"menu_order":0,"comment_status":"closed","ping_status":"closed","template":"","meta":{"site-sidebar-layout":"default","site-content-layout":"default","ast-site-content-layout":"default","site-content-style":"default","site-sidebar-style":"default","ast-global-header-display":"","ast-banner-title-visibility":"","ast-main-header-display":"","ast-hfb-above-header-display":"","ast-hfb-below-header-display":"","ast-hfb-mobile-header-display":"","site-post-title":"","ast-breadcrumbs-content":"","ast-featured-img":"","footer-sml-layout":"","ast-disable-related-posts":"","theme-transparent-header-meta":"default","adv-header-id-meta":"","stick-header-meta":"","header-above-stick-meta":"","header-main-stick-meta":"","header-below-stick-meta":"","astra-migrate-meta-layouts":"set","ast-page-background-enabled":"default","ast-page-background-meta":{"desktop":{"background-color":"","background-image":"","background-repeat":"repeat","background-position":"center center","background-size":"auto","background-attachment":"scroll","background-type":"","background-media":"","overlay-type":"","overlay-color":"","overlay-opacity":"","overlay-gradient":""},"tablet":{"background-color":"","background-image":"","background-repeat":"repeat","background-position":"center center","background-size":"auto","background-attachment":"scroll","background-type":"","background-media":"","overlay-type":"","overlay-color":"","overlay-opacity":"","overlay-gradient":""},"mobile":{"background-color":"","background-image":"","background-repeat":"repeat","background-position":"center center","background-size":"auto","background-attachment":"scroll","background-type":"","background-media":"","overlay-type":"","overlay-color":"","overlay-opacity":"","overlay-gradient":""}},"ast-content-background-meta":{"desktop":{"background-color":"var(--ast-global-color-5)","background-image":"","background-repeat":"repeat","background-position":"center center","background-size":"auto","background-attachment":"scroll","background-type":"","background-media":"","overlay-type":"","overlay-color":"","overlay-opacity":"","overlay-gradient":""},"tablet":{"background-color":"var(--ast-global-color-5)","background-image":"","background-repeat":"repeat","background-position":"center center","background-size":"auto","background-attachment":"scroll","background-type":"","background-media":"","overlay-type":"","overlay-color":"","overlay-opacity":"","overlay-gradient":""},"mobile":{"background-color":"var(--ast-global-color-5)","background-image":"","background-repeat":"repeat","background-position":"center center","background-size":"auto","background-attachment":"scroll","background-type":"","background-media":"","overlay-type":"","overlay-color":"","overlay-opacity":"","overlay-gradient":""}},"footnotes":""},"class_list":["post-206","page","type-page","status-publish","hentry"],"_links":{"self":[{"href":"https:\/\/law-and-lake.com\/en\/wp-json\/wp\/v2\/pages\/206","targetHints":{"allow":["GET"]}}],"collection":[{"href":"https:\/\/law-and-lake.com\/en\/wp-json\/wp\/v2\/pages"}],"about":[{"href":"https:\/\/law-and-lake.com\/en\/wp-json\/wp\/v2\/types\/page"}],"author":[{"embeddable":true,"href":"https:\/\/law-and-lake.com\/en\/wp-json\/wp\/v2\/users\/2"}],"replies":[{"embeddable":true,"href":"https:\/\/law-and-lake.com\/en\/wp-json\/wp\/v2\/comments?post=206"}],"version-history":[{"count":17,"href":"https:\/\/law-and-lake.com\/en\/wp-json\/wp\/v2\/pages\/206\/revisions"}],"predecessor-version":[{"id":981,"href":"https:\/\/law-and-lake.com\/en\/wp-json\/wp\/v2\/pages\/206\/revisions\/981"}],"wp:attachment":[{"href":"https:\/\/law-and-lake.com\/en\/wp-json\/wp\/v2\/media?parent=206"}],"curies":[{"name":"wp","href":"https:\/\/api.w.org\/{rel}","templated":true}]}}