{"id":202,"date":"2019-11-04T15:18:46","date_gmt":"2019-11-04T15:18:46","guid":{"rendered":"http:\/\/law-and-lake.com\/?page_id=202"},"modified":"2019-11-28T19:51:57","modified_gmt":"2019-11-28T19:51:57","slug":"mandatsvereinbarung","status":"publish","type":"page","link":"https:\/\/law-and-lake.com\/en\/beratung\/mandatsvereinbarung\/","title":{"rendered":"Mandate agreement"},"content":{"rendered":"<p><\/p>\n\n\n\n<p>By signing the mandate agreement, you give us a so-called advisory mandate and hand over the mandate to us.\u00a0 <\/p>\n\n\n\n<p>The advisory mandate is a classic, gratuitous mandate according to sections 662 ff. BGB. The mandate agreement serves to fix our as well as your obligations in writing, but also to inform you about the possibilities and limits of student legal advice.<\/p>","protected":false},"excerpt":{"rendered":"<p>Durch die Unterzeichnung der Mandatsvereinbarung erteilen Sie uns einen so genannten Beratungsauftrag und \u00fcbergeben uns das Mandat.\u00a0 Bei dem Beratungsauftrag handelt es sich um einen klassischen, unentgeltlichen Auftrag nach den Paragraphen 662 ff. BGB. Die Mandatsvereinbarung dient dazu, unsere wie auch Ihre Pflichten schriftlich zu fixieren, aber auch der Aufkl\u00e4rung \u00fcber die M\u00f6glichkeiten und Grenzen [&hellip;]<\/p>\n","protected":false},"author":2,"featured_media":0,"parent":68,"menu_order":2,"comment_status":"closed","ping_status":"closed","template":"","meta":{"site-sidebar-layout":"default","site-content-layout":"default","ast-site-content-layout":"default","site-content-style":"default","site-sidebar-style":"default","ast-global-header-display":"","ast-banner-title-visibility":"","ast-main-header-display":"","ast-hfb-above-header-display":"","ast-hfb-below-header-display":"","ast-hfb-mobile-header-display":"","site-post-title":"","ast-breadcrumbs-content":"","ast-featured-img":"","footer-sml-layout":"","ast-disable-related-posts":"","theme-transparent-header-meta":"default","adv-header-id-meta":"","stick-header-meta":"","header-above-stick-meta":"","header-main-stick-meta":"","header-below-stick-meta":"","astra-migrate-meta-layouts":"default","ast-page-background-enabled":"default","ast-page-background-meta":{"desktop":{"background-color":"","background-image":"","background-repeat":"repeat","background-position":"center center","background-size":"auto","background-attachment":"scroll","background-type":"","background-media":"","overlay-type":"","overlay-color":"","overlay-opacity":"","overlay-gradient":""},"tablet":{"background-color":"","background-image":"","background-repeat":"repeat","background-position":"center center","background-size":"auto","background-attachment":"scroll","background-type":"","background-media":"","overlay-type":"","overlay-color":"","overlay-opacity":"","overlay-gradient":""},"mobile":{"background-color":"","background-image":"","background-repeat":"repeat","background-position":"center center","background-size":"auto","background-attachment":"scroll","background-type":"","background-media":"","overlay-type":"","overlay-color":"","overlay-opacity":"","overlay-gradient":""}},"ast-content-background-meta":{"desktop":{"background-color":"var(--ast-global-color-5)","background-image":"","background-repeat":"repeat","background-position":"center center","background-size":"auto","background-attachment":"scroll","background-type":"","background-media":"","overlay-type":"","overlay-color":"","overlay-opacity":"","overlay-gradient":""},"tablet":{"background-color":"var(--ast-global-color-5)","background-image":"","background-repeat":"repeat","background-position":"center center","background-size":"auto","background-attachment":"scroll","background-type":"","background-media":"","overlay-type":"","overlay-color":"","overlay-opacity":"","overlay-gradient":""},"mobile":{"background-color":"var(--ast-global-color-5)","background-image":"","background-repeat":"repeat","background-position":"center center","background-size":"auto","background-attachment":"scroll","background-type":"","background-media":"","overlay-type":"","overlay-color":"","overlay-opacity":"","overlay-gradient":""}},"footnotes":""},"class_list":["post-202","page","type-page","status-publish","hentry"],"_links":{"self":[{"href":"https:\/\/law-and-lake.com\/en\/wp-json\/wp\/v2\/pages\/202","targetHints":{"allow":["GET"]}}],"collection":[{"href":"https:\/\/law-and-lake.com\/en\/wp-json\/wp\/v2\/pages"}],"about":[{"href":"https:\/\/law-and-lake.com\/en\/wp-json\/wp\/v2\/types\/page"}],"author":[{"embeddable":true,"href":"https:\/\/law-and-lake.com\/en\/wp-json\/wp\/v2\/users\/2"}],"replies":[{"embeddable":true,"href":"https:\/\/law-and-lake.com\/en\/wp-json\/wp\/v2\/comments?post=202"}],"version-history":[{"count":3,"href":"https:\/\/law-and-lake.com\/en\/wp-json\/wp\/v2\/pages\/202\/revisions"}],"predecessor-version":[{"id":397,"href":"https:\/\/law-and-lake.com\/en\/wp-json\/wp\/v2\/pages\/202\/revisions\/397"}],"up":[{"embeddable":true,"href":"https:\/\/law-and-lake.com\/en\/wp-json\/wp\/v2\/pages\/68"}],"wp:attachment":[{"href":"https:\/\/law-and-lake.com\/en\/wp-json\/wp\/v2\/media?parent=202"}],"curies":[{"name":"wp","href":"https:\/\/api.w.org\/{rel}","templated":true}]}}