{"id":198,"date":"2019-11-04T15:17:41","date_gmt":"2019-11-04T15:17:41","guid":{"rendered":"http:\/\/law-and-lake.com\/?page_id=198"},"modified":"2019-11-28T19:50:56","modified_gmt":"2019-11-28T19:50:56","slug":"rechtliche-grundlage","status":"publish","type":"page","link":"https:\/\/law-and-lake.com\/en\/beratung\/rechtliche-grundlage\/","title":{"rendered":"Legal basis"},"content":{"rendered":"<p><\/p>\n\n\n\n<p>The legal basis of our counselling activities is \u00a7 6 RDG (Legal Services Act), according to which we, as advanced law students, may provide extrajudicial and free legal advice, provided that - if necessary in individual cases - supervision and guidance is provided by a person qualified to hold judicial office.<\/p>\n\n\n\n<figure class=\"wp-block-table\"><table class=\"has-subtle-pale-pink-background-color has-background\"><tbody><tr><td><strong> \u00a7 6 Rechtsdienstleistungsgesetz: <\/strong><br><em>Unentgeltliche Rechtsdienstleistungen <\/em> <br><em>(1)  Erlaubt sind Rechtsdienstleistungen, die nicht im Zusammenhang mit  einer entgeltlichen T\u00e4tigkeit stehen (unentgeltliche  Rechtsdienstleistungen). <\/em> <br><em>(2)  Wer unentgeltliche Rechtsdienstleistungen au\u00dferhalb famili\u00e4rer,  nachbarschaftlicher oder \u00e4hnlich enger pers\u00f6nlicher Beziehungen  erbringt, muss sicherstellen, dass die Rechtsdienstleistung durch eine  Person, der die entgeltliche Erbringung dieser Rechtsdienstleistung  erlaubt ist, durch eine Person mit Bef\u00e4higung zum Richteramt oder unter  Anleitung einer solchen Person erfolgt. Anleitung erfordert eine an  Umfang und Inhalt der zu erbringenden Rechtsdienstleistungen  ausgerichtete Einweisung und Fortbildung sowie eine Mitwirkung bei der  Erbringung der Rechtsdienstleistung, soweit dies im Einzelfall  erforderlich ist. <\/em> <\/td><\/tr><\/tbody><\/table><\/figure>\n\n\n\n<p>In order to fulfil the requirements of the \nlaw, but above all to fulfil our own aspiration to provide our clients \nto provide our clients with high-quality and comprehensive advice \nto our clients, we work closely with university professors and \nuniversity professors and lawyers who guide and support us. \nand supervise us.<\/p>\n\n\n\n<p>\u00a7 6 RDG enables us\n apart from the counselling itself, we can also represent the interests of our \nrepresentation of our clients' interests, which we fulfil through\n correspondence of a general nature with the other party, reminders or telephone \ntelephone calls and representation vis-\u00e0-vis authorities - if desired. \nif desired. However, we cannot and may not represent our clients in\n court, as this results from the individual regulations in the procedural \n(see here in particular \u00a7 79 para. 2 ZPO).<\/p>\n\n\n\n<p>The following articles are extremely informative, not least with regard to the legal basis of our activities and the topic of student legal counselling in general:<br>- Piekenbrock, Legal clinics in law studies and the legal framework in the RDG, AnwBl 2011, 848<br>- Wreesmann, Schmidt-Kessel, Unpaid legal advice by laypersons under the RDG, NJOZ 2008, 4061, NJW 2008, 3389 <\/p>","protected":false},"excerpt":{"rendered":"<p>Rechtliche Grundlage unserer Beratungst\u00e4tigkeit ist \u00a7 6 RDG (Rechtsdienstleistungsgesetz), nach welcher wir als fortgeschrittene Rechtsstudenten\u00a0au\u00dfergerichtliche und unentgeltliche Rechtsberatung erbringen d\u00fcrfen, sofern dabei \u2013 soweit im Einzelfall erforderlich \u2013 eine Betreuung und Anleitung durch eine Person mit Bef\u00e4higung zum Richteramt erfolgt. \u00a7 6 Rechtsdienstleistungsgesetz: Unentgeltliche Rechtsdienstleistungen (1) Erlaubt sind Rechtsdienstleistungen, die nicht im Zusammenhang mit einer [&hellip;]<\/p>\n","protected":false},"author":2,"featured_media":0,"parent":68,"menu_order":1,"comment_status":"closed","ping_status":"closed","template":"","meta":{"site-sidebar-layout":"default","site-content-layout":"default","ast-site-content-layout":"default","site-content-style":"default","site-sidebar-style":"default","ast-global-header-display":"","ast-banner-title-visibility":"","ast-main-header-display":"","ast-hfb-above-header-display":"","ast-hfb-below-header-display":"","ast-hfb-mobile-header-display":"","site-post-title":"","ast-breadcrumbs-content":"","ast-featured-img":"","footer-sml-layout":"","ast-disable-related-posts":"","theme-transparent-header-meta":"default","adv-header-id-meta":"","stick-header-meta":"","header-above-stick-meta":"","header-main-stick-meta":"","header-below-stick-meta":"","astra-migrate-meta-layouts":"default","ast-page-background-enabled":"default","ast-page-background-meta":{"desktop":{"background-color":"","background-image":"","background-repeat":"repeat","background-position":"center center","background-size":"auto","background-attachment":"scroll","background-type":"","background-media":"","overlay-type":"","overlay-color":"","overlay-opacity":"","overlay-gradient":""},"tablet":{"background-color":"","background-image":"","background-repeat":"repeat","background-position":"center center","background-size":"auto","background-attachment":"scroll","background-type":"","background-media":"","overlay-type":"","overlay-color":"","overlay-opacity":"","overlay-gradient":""},"mobile":{"background-color":"","background-image":"","background-repeat":"repeat","background-position":"center center","background-size":"auto","background-attachment":"scroll","background-type":"","background-media":"","overlay-type":"","overlay-color":"","overlay-opacity":"","overlay-gradient":""}},"ast-content-background-meta":{"desktop":{"background-color":"var(--ast-global-color-5)","background-image":"","background-repeat":"repeat","background-position":"center center","background-size":"auto","background-attachment":"scroll","background-type":"","background-media":"","overlay-type":"","overlay-color":"","overlay-opacity":"","overlay-gradient":""},"tablet":{"background-color":"var(--ast-global-color-5)","background-image":"","background-repeat":"repeat","background-position":"center center","background-size":"auto","background-attachment":"scroll","background-type":"","background-media":"","overlay-type":"","overlay-color":"","overlay-opacity":"","overlay-gradient":""},"mobile":{"background-color":"var(--ast-global-color-5)","background-image":"","background-repeat":"repeat","background-position":"center center","background-size":"auto","background-attachment":"scroll","background-type":"","background-media":"","overlay-type":"","overlay-color":"","overlay-opacity":"","overlay-gradient":""}},"footnotes":""},"class_list":["post-198","page","type-page","status-publish","hentry"],"_links":{"self":[{"href":"https:\/\/law-and-lake.com\/en\/wp-json\/wp\/v2\/pages\/198","targetHints":{"allow":["GET"]}}],"collection":[{"href":"https:\/\/law-and-lake.com\/en\/wp-json\/wp\/v2\/pages"}],"about":[{"href":"https:\/\/law-and-lake.com\/en\/wp-json\/wp\/v2\/types\/page"}],"author":[{"embeddable":true,"href":"https:\/\/law-and-lake.com\/en\/wp-json\/wp\/v2\/users\/2"}],"replies":[{"embeddable":true,"href":"https:\/\/law-and-lake.com\/en\/wp-json\/wp\/v2\/comments?post=198"}],"version-history":[{"count":10,"href":"https:\/\/law-and-lake.com\/en\/wp-json\/wp\/v2\/pages\/198\/revisions"}],"predecessor-version":[{"id":396,"href":"https:\/\/law-and-lake.com\/en\/wp-json\/wp\/v2\/pages\/198\/revisions\/396"}],"up":[{"embeddable":true,"href":"https:\/\/law-and-lake.com\/en\/wp-json\/wp\/v2\/pages\/68"}],"wp:attachment":[{"href":"https:\/\/law-and-lake.com\/en\/wp-json\/wp\/v2\/media?parent=198"}],"curies":[{"name":"wp","href":"https:\/\/api.w.org\/{rel}","templated":true}]}}